{"id":3496,"date":"2018-11-29T22:03:27","date_gmt":"2018-11-29T22:03:27","guid":{"rendered":"https:\/\/urrugreenmonster.it\/chi-siamo\/"},"modified":"2019-02-13T17:32:56","modified_gmt":"2019-02-13T17:32:56","slug":"ueber-uns","status":"publish","type":"page","link":"https:\/\/urrugreenmonster.it\/de\/ueber-uns\/","title":{"rendered":"\u00dcber uns"},"content":{"rendered":"[vc_row type=&#8220;in_container&#8220; full_screen_row_position=&#8220;middle&#8220; scene_position=&#8220;center&#8220; text_color=&#8220;dark&#8220; text_align=&#8220;left&#8220; overlay_strength=&#8220;0.3&#8243; shape_divider_position=&#8220;bottom&#8220;][vc_column column_padding=&#8220;no-extra-padding&#8220; column_padding_position=&#8220;all&#8220; background_color_opacity=&#8220;1&#8243; background_hover_color_opacity=&#8220;1&#8243; column_link_target=&#8220;_self&#8220; column_shadow=&#8220;none&#8220; column_border_radius=&#8220;none&#8220; width=&#8220;1\/1&#8243; tablet_width_inherit=&#8220;default&#8220; tablet_text_alignment=&#8220;default&#8220; phone_text_alignment=&#8220;default&#8220; column_border_width=&#8220;none&#8220; column_border_style=&#8220;solid&#8220;][divider line_type=&#8220;No Line&#8220; custom_height=&#8220;30&#8243;][nectar_highlighted_text style=&#8220;full_text&#8220;]\n<h2 style=\"text-align: center;\">\u00dcber uns<\/h2>\n[\/nectar_highlighted_text][divider line_type=&#8220;No Line&#8220; custom_height=&#8220;30&#8243;][\/vc_column][\/vc_row][vc_row type=&#8220;full_width_background&#8220; full_screen_row_position=&#8220;middle&#8220; equal_height=&#8220;yes&#8220; content_placement=&#8220;middle&#8220; bg_color=&#8220;#ffffff&#8220; scene_position=&#8220;center&#8220; text_color=&#8220;dark&#8220; text_align=&#8220;left&#8220; top_padding=&#8220;2%&#8220; bottom_padding=&#8220;2%&#8220; id=&#8220;discover&#8220; overlay_strength=&#8220;0.3&#8243; shape_divider_position=&#8220;bottom&#8220; shape_type=&#8220;&#8220;][vc_column column_padding=&#8220;no-extra-padding&#8220; column_padding_position=&#8220;all&#8220; background_color_opacity=&#8220;1&#8243; background_hover_color_opacity=&#8220;1&#8243; column_link_target=&#8220;_self&#8220; column_shadow=&#8220;none&#8220; column_border_radius=&#8220;none&#8220; width=&#8220;2\/3&#8243; tablet_width_inherit=&#8220;default&#8220; tablet_text_alignment=&#8220;default&#8220; phone_text_alignment=&#8220;default&#8220; column_border_width=&#8220;none&#8220; column_border_style=&#8220;solid&#8220;][vc_row_inner column_margin=&#8220;default&#8220; text_align=&#8220;left&#8220; css=&#8220;.vc_custom_1504128844236{margin-right: -1px !important;}&#8220;][vc_column_inner enable_animation=&#8220;true&#8220; animation=&#8220;fade-in-from-left&#8220; column_padding=&#8220;no-extra-padding&#8220; column_padding_position=&#8220;all&#8220; background_color_opacity=&#8220;1&#8243; background_hover_color_opacity=&#8220;1&#8243; column_shadow=&#8220;none&#8220; column_border_radius=&#8220;none&#8220; column_link_target=&#8220;_self&#8220; width=&#8220;1\/1&#8243; tablet_width_inherit=&#8220;default&#8220; column_border_width=&#8220;none&#8220; column_border_style=&#8220;solid&#8220;][nectar_single_testimonial testimonial_style=&#8220;bold&#8220; color=&#8220;Default&#8220; style=&#8220;bold&#8220; quote=&#8220;Verwirklichen Sie einen Traum!&#8220; name=&#8220;Nichts ist unm\u00f6glich. Alles kann getan werden, wenn die Grundlage ein gutes Projekt ist. Professionalit\u00e4t und Organisation, sowie Respekt f\u00fcr die Natur und Rechtm\u00e4\u00dfigkeit stehen bei uns im Mittelpunkt.&#8220;][\/vc_column_inner][\/vc_row_inner][\/vc_column][vc_column column_padding=&#8220;no-extra-padding&#8220; column_padding_position=&#8220;all&#8220; background_color_opacity=&#8220;1&#8243; background_hover_color_opacity=&#8220;1&#8243; column_link_target=&#8220;_self&#8220; column_shadow=&#8220;none&#8220; column_border_radius=&#8220;none&#8220; width=&#8220;1\/3&#8243; tablet_width_inherit=&#8220;default&#8220; tablet_text_alignment=&#8220;default&#8220; phone_text_alignment=&#8220;default&#8220; column_border_width=&#8220;none&#8220; column_border_style=&#8220;solid&#8220;][image_with_animation image_url=&#8220;3255&#8243; alignment=&#8220;right&#8220; animation=&#8220;Grow In&#8220; border_radius=&#8220;none&#8220; box_shadow=&#8220;none&#8220; max_width=&#8220;175%&#8220;][\/vc_column][\/vc_row][vc_row type=&#8220;full_width_background&#8220; full_screen_row_position=&#8220;middle&#8220; bg_color=&#8220;#ffffff&#8220; scene_position=&#8220;center&#8220; text_color=&#8220;dark&#8220; text_align=&#8220;left&#8220; overlay_strength=&#8220;0.3&#8243; shape_divider_position=&#8220;bottom&#8220; shape_type=&#8220;&#8220;][vc_column column_padding=&#8220;no-extra-padding&#8220; column_padding_position=&#8220;all&#8220; background_color_opacity=&#8220;1&#8243; background_hover_color_opacity=&#8220;1&#8243; column_link_target=&#8220;_self&#8220; column_shadow=&#8220;none&#8220; column_border_radius=&#8220;none&#8220; width=&#8220;1\/1&#8243; tablet_width_inherit=&#8220;default&#8220; tablet_text_alignment=&#8220;default&#8220; phone_text_alignment=&#8220;default&#8220; column_border_width=&#8220;none&#8220; column_border_style=&#8220;solid&#8220;][vc_column_text]\u201cGreen Monster\u201d wurde 1999 aus dem Projekt und der Leidenschaft seines Gr\u00fcnders Mauro Urru geboren. Es ist ein gerade erst vollj\u00e4hrig gewordenes Unternehmen, das in den letzten Jahren seine F\u00e4higkeiten, mit dem Vorteil einer immer st\u00e4rker definierten Professionalit\u00e4t f\u00fcr die Bereitstellung hochwertiger Dienstleistungen, gesteigert hat. So konnte sich \u201cGreen Monster\u201d auf dem Gebiet etablieren und nicht nur als Team wachsen, sondern auch das Lager mit neuen Werkzeugen und Maschinen erweitern. Wir sind dynamisch im Management von Baustellen, vom kleinen Hausprojekt bis zur gro\u00dfen Infrastruktur. Jedes einzelne Projekt wird mit der gleichen Leidenschaft ausgef\u00fchrt.\u00a0Die \u201cGreen Monster-Idee\u201d zielt darauf, ihre Kunden rundum zufrieden zu stellen, ihnen Aufmerksamkeit, Vertrauen und Verf\u00fcgbarkeit zu schenken und ein H\u00f6chstma\u00df an Professionalit\u00e4t zu gew\u00e4hrleisten. Wir haben ein gro\u00dfes Team von Mitarbeitern, das f\u00fcr jeden Bedarf geeignet ist: vom G\u00e4rtner \u00fcber den Baumpfleger bis hin zum Hydrauliker.[\/vc_column_text][\/vc_column][\/vc_row][vc_row type=&#8220;full_width_background&#8220; full_screen_row_position=&#8220;middle&#8220; bg_color=&#8220;#ffffff&#8220; scene_position=&#8220;center&#8220; text_color=&#8220;dark&#8220; text_align=&#8220;left&#8220; overlay_strength=&#8220;0.3&#8243; shape_divider_position=&#8220;bottom&#8220; shape_type=&#8220;&#8220;][vc_column column_padding=&#8220;no-extra-padding&#8220; column_padding_position=&#8220;all&#8220; background_color_opacity=&#8220;1&#8243; background_hover_color_opacity=&#8220;1&#8243; column_link_target=&#8220;_self&#8220; column_shadow=&#8220;none&#8220; column_border_radius=&#8220;none&#8220; width=&#8220;1\/1&#8243; tablet_width_inherit=&#8220;default&#8220; tablet_text_alignment=&#8220;default&#8220; phone_text_alignment=&#8220;default&#8220; column_border_width=&#8220;none&#8220; column_border_style=&#8220;solid&#8220;][divider line_type=&#8220;No Line&#8220; custom_height=&#8220;34&#8243;][nectar_highlighted_text style=&#8220;full_text&#8220;]\n<h3><span style=\"color: #999999;\">Unsere St\u00e4rken<\/span><\/h3>\n[\/nectar_highlighted_text]<div class=\"nectar-fancy-ul\" data-list-icon=\"icon-salient-thin-line\" data-animation=\"false\" data-animation-delay=\"0\" data-color=\"accent-color\" data-spacing=\"default\" data-alignment=\"left\"> \n<ul>\n<li><span style=\"color: #333333;\">Solidit\u00e4t: Unser Unternehmen ist seit Jahren auf dem Markt pr\u00e4sent und verf\u00fcgt \u00fcber ausgezeichnete Referenzen von Privatpersonen und \u00f6ffentlichen Unternehmen.<\/span><\/li>\n<li><span style=\"color: #333333;\">Respekt f\u00fcr die Umwelt: \u201cGreen Monster\u201d respektiert und sch\u00fctzt die Umwelt. Die Standards in Bezug auf Behandlung und Entsorgung der Abf\u00e4lle, die durch die Arbeitsprozesse entstehen, werden streng beachtet. Wir schenken der Natur der Pflanze besondere Aufmerksamkeit, indem wir ihr Gleichgewicht bewahren und ihre Gesundheit und nat\u00fcrliche Sch\u00f6nheit gew\u00e4hrleisten.<\/span><\/li>\n<li><span style=\"color: #333333;\">Das Team: Jeder Eingriff erfordert spezialisierte Techniker, die in der Lage sind, die individuellen Bed\u00fcrfnisse des Kunden professionell zu verstehen und umzusetzen. Nur so kann man das beste Ergebnis zu den niedrigsten Kosten erzielen.<\/span><\/li>\n<li><span style=\"color: #333333;\">Territoriale Pr\u00e4senz: Das Team ist so strukturiert, dass es den Kunden nach k\u00fcrzester Wartezeit zufrieden stellen kann.<\/span><\/li>\n<li><span style=\"color: #333333;\">Ehrlichkeit: Unser Team verf\u00fcgt \u00fcber eine familiengef\u00fchrte hierarchische Struktur. Harmonisches Arbeiten ist ein grundlegendes Element f\u00fcr den Erfolg. Ehrlichkeit, Dialog und Respekt geh\u00f6ren zu den S\u00e4ulen unseres Unternehmens.<\/span><\/li>\n<\/ul>\n <\/div>[\/vc_column][\/vc_row]\n","protected":false},"excerpt":{"rendered":"<p>[vc_row type=&#8220;in_container&#8220; full_screen_row_position=&#8220;middle&#8220; scene_position=&#8220;center&#8220; text_color=&#8220;dark&#8220; text_align=&#8220;left&#8220; overlay_strength=&#8220;0.3&#8243; shape_divider_position=&#8220;bottom&#8220;][vc_column column_padding=&#8220;no-extra-padding&#8220; column_padding_position=&#8220;all&#8220; background_color_opacity=&#8220;1&#8243; background_hover_color_opacity=&#8220;1&#8243; column_link_target=&#8220;_self&#8220; column_shadow=&#8220;none&#8220; column_border_radius=&#8220;none&#8220; width=&#8220;1\/1&#8243; tablet_width_inherit=&#8220;default&#8220; tablet_text_alignment=&#8220;default&#8220; phone_text_alignment=&#8220;default&#8220; column_border_width=&#8220;none&#8220; column_border_style=&#8220;solid&#8220;][divider line_type=&#8220;No Line&#8220; custom_height=&#8220;30&#8243;][nectar_highlighted_text style=&#8220;full_text&#8220;]&#8230;<\/p>\n","protected":false},"author":5,"featured_media":0,"parent":0,"menu_order":0,"comment_status":"closed","ping_status":"closed","template":"","meta":{"_acf_changed":false,"inline_featured_image":false,"footnotes":""},"class_list":["post-3496","page","type-page","status-publish"],"acf":[],"_links":{"self":[{"href":"https:\/\/urrugreenmonster.it\/de\/wp-json\/wp\/v2\/pages\/3496","targetHints":{"allow":["GET"]}}],"collection":[{"href":"https:\/\/urrugreenmonster.it\/de\/wp-json\/wp\/v2\/pages"}],"about":[{"href":"https:\/\/urrugreenmonster.it\/de\/wp-json\/wp\/v2\/types\/page"}],"author":[{"embeddable":true,"href":"https:\/\/urrugreenmonster.it\/de\/wp-json\/wp\/v2\/users\/5"}],"replies":[{"embeddable":true,"href":"https:\/\/urrugreenmonster.it\/de\/wp-json\/wp\/v2\/comments?post=3496"}],"version-history":[{"count":3,"href":"https:\/\/urrugreenmonster.it\/de\/wp-json\/wp\/v2\/pages\/3496\/revisions"}],"predecessor-version":[{"id":3634,"href":"https:\/\/urrugreenmonster.it\/de\/wp-json\/wp\/v2\/pages\/3496\/revisions\/3634"}],"wp:attachment":[{"href":"https:\/\/urrugreenmonster.it\/de\/wp-json\/wp\/v2\/media?parent=3496"}],"curies":[{"name":"wp","href":"https:\/\/api.w.org\/{rel}","templated":true}]}}